{"id":1764,"date":"2024-03-23T20:00:17","date_gmt":"2024-03-23T20:00:17","guid":{"rendered":"https:\/\/novadent.rs\/?page_id=1764"},"modified":"2024-04-28T23:35:17","modified_gmt":"2024-04-28T21:35:17","slug":"oral-surgery","status":"publish","type":"page","link":"https:\/\/novadent.rs\/en\/oral-surgery\/","title":{"rendered":"Oral Surgery"},"content":{"rendered":"<div data-elementor-type=\"wp-page\" data-elementor-id=\"1764\" class=\"elementor elementor-1764\">\n\t\t\t\t<div class=\"elementor-element elementor-element-b1e1e5f e-flex e-con-boxed wpr-particle-no wpr-jarallax-no wpr-parallax-no wpr-sticky-section-no e-con e-parent\" data-id=\"b1e1e5f\" data-element_type=\"container\">\n\t\t\t\t\t<div class=\"e-con-inner\">\n\t\t<div class=\"elementor-element elementor-element-54010b2 e-flex e-con-boxed wpr-particle-no wpr-jarallax-no wpr-parallax-no wpr-sticky-section-no e-con e-child\" data-id=\"54010b2\" data-element_type=\"container\" data-settings=\"{&quot;background_background&quot;:&quot;classic&quot;}\">\n\t\t\t\t\t<div class=\"e-con-inner\">\n\t\t<div class=\"elementor-element elementor-element-2caa619 e-con-full e-flex wpr-particle-no wpr-jarallax-no wpr-parallax-no wpr-sticky-section-no e-con e-child\" data-id=\"2caa619\" data-element_type=\"container\">\n\t\t\t\t<div class=\"elementor-element elementor-element-652d703 elementor-widget elementor-widget-shortcode\" data-id=\"652d703\" data-element_type=\"widget\" data-widget_type=\"shortcode.default\">\n\t\t\t\t<div class=\"elementor-widget-container\">\n\t\t\t\t\t\t\t<div class=\"elementor-shortcode\"><\/div>\n\t\t\t\t\t\t<\/div>\n\t\t\t\t<\/div>\n\t\t\t\t<div class=\"elementor-element elementor-element-24611cd elementor-widget elementor-widget-heading\" data-id=\"24611cd\" data-element_type=\"widget\" data-widget_type=\"heading.default\">\n\t\t\t\t<div class=\"elementor-widget-container\">\n\t\t\t\t\t<h2 class=\"elementor-heading-title elementor-size-default\">Oral Surgery<\/h2>\t\t\t\t<\/div>\n\t\t\t\t<\/div>\n\t\t\t\t<div class=\"elementor-element elementor-element-ea6df35 elementor-widget elementor-widget-text-editor\" data-id=\"ea6df35\" data-element_type=\"widget\" data-widget_type=\"text-editor.default\">\n\t\t\t\t<div class=\"elementor-widget-container\">\n\t\t\t\t\t\t\t\t\t<p>Expertise in oral surgery since 1987, Novadent Dental Centre has been at the forefront of oral health, providing professional dental services. Our longstanding tradition is evidence of our dedication and the trust we have built with our patients. In the heart of Serbia, we combine proven expertise with the latest techniques to address even the most complex dental challenges.<\/p>\t\t\t\t\t\t\t\t<\/div>\n\t\t\t\t<\/div>\n\t\t\t\t<div class=\"elementor-element elementor-element-d15d0c3 elementor-widget elementor-widget-button\" data-id=\"d15d0c3\" data-element_type=\"widget\" data-widget_type=\"button.default\">\n\t\t\t\t<div class=\"elementor-widget-container\">\n\t\t\t\t\t\t\t\t\t<div class=\"elementor-button-wrapper\">\n\t\t\t\t\t<a class=\"elementor-button elementor-button-link elementor-size-sm\" href=\"\/en\/contact\/\">\n\t\t\t\t\t\t<span class=\"elementor-button-content-wrapper\">\n\t\t\t\t\t\t<span class=\"elementor-button-icon\">\n\t\t\t\t<svg xmlns=\"http:\/\/www.w3.org\/2000\/svg\" viewbox=\"0 0 24 24\"><path fill-rule=\"evenodd\" d=\"M24 0v22.78h-2.87V4.9L2.03 24 0 21.97l19.1-19.1H1.26V0H24Z\"><\/path><\/svg>\t\t\t<\/span>\n\t\t\t\t\t\t\t\t\t<span class=\"elementor-button-text\">Book an appointment<\/span>\n\t\t\t\t\t<\/span>\n\t\t\t\t\t<\/a>\n\t\t\t\t<\/div>\n\t\t\t\t\t\t\t\t<\/div>\n\t\t\t\t<\/div>\n\t\t\t\t<\/div>\n\t\t<div class=\"elementor-element elementor-element-c95409e e-con-full e-flex wpr-particle-no wpr-jarallax-no wpr-parallax-no wpr-sticky-section-no e-con e-child\" data-id=\"c95409e\" data-element_type=\"container\">\n\t\t<div class=\"elementor-element elementor-element-30831c5 e-con-full e-flex wpr-particle-no wpr-jarallax-no wpr-parallax-no wpr-sticky-section-no e-con e-child\" data-id=\"30831c5\" data-element_type=\"container\" data-settings=\"{&quot;background_background&quot;:&quot;classic&quot;}\">\n\t\t<div class=\"elementor-element elementor-element-9200e0d e-con-full e-flex wpr-particle-no wpr-jarallax-no wpr-parallax-no wpr-sticky-section-no e-con e-child\" data-id=\"9200e0d\" data-element_type=\"container\" data-settings=\"{&quot;background_background&quot;:&quot;classic&quot;,&quot;position&quot;:&quot;absolute&quot;}\">\n\t\t\t\t<\/div>\n\t\t\t\t<div class=\"elementor-element elementor-element-3f95553 elementor-widget elementor-widget-image\" data-id=\"3f95553\" data-element_type=\"widget\" data-widget_type=\"image.default\">\n\t\t\t\t<div class=\"elementor-widget-container\">\n\t\t\t\t\t\t\t\t\t\t\t\t\t\t\t<img fetchpriority=\"high\" decoding=\"async\" width=\"768\" height=\"533\" src=\"https:\/\/novadent.rs\/wp-content\/uploads\/2024\/04\/Pasted-Graphic-768x533.png\" class=\"attachment-medium_large size-medium_large wp-image-3143\" alt=\"Pasted Graphic\" srcset=\"https:\/\/novadent.rs\/wp-content\/uploads\/2024\/04\/Pasted-Graphic-768x533.png 768w, https:\/\/novadent.rs\/wp-content\/uploads\/2024\/04\/Pasted-Graphic-300x208.png 300w, https:\/\/novadent.rs\/wp-content\/uploads\/2024\/04\/Pasted-Graphic-1024x710.png 1024w, https:\/\/novadent.rs\/wp-content\/uploads\/2024\/04\/Pasted-Graphic-1536x1065.png 1536w, https:\/\/novadent.rs\/wp-content\/uploads\/2024\/04\/Pasted-Graphic-18x12.png 18w, https:\/\/novadent.rs\/wp-content\/uploads\/2024\/04\/Pasted-Graphic.png 1566w\" sizes=\"(max-width: 768px) 100vw, 768px\" \/>\t\t\t\t\t\t\t\t\t\t\t\t\t\t\t<\/div>\n\t\t\t\t<\/div>\n\t\t\t\t<\/div>\n\t\t\t\t<\/div>\n\t\t\t\t\t<\/div>\n\t\t\t\t<\/div>\n\t\t\t\t\t<\/div>\n\t\t\t\t<\/div>\n\t\t<div class=\"elementor-element elementor-element-28d0058 e-flex e-con-boxed wpr-particle-no wpr-jarallax-no wpr-parallax-no wpr-sticky-section-no e-con e-parent\" data-id=\"28d0058\" data-element_type=\"container\">\n\t\t\t\t\t<div class=\"e-con-inner\">\n\t\t<div class=\"elementor-element elementor-element-5c89df4 e-con-full e-flex wpr-particle-no wpr-jarallax-no wpr-parallax-no wpr-sticky-section-no e-con e-child\" data-id=\"5c89df4\" data-element_type=\"container\">\n\t\t<div class=\"elementor-element elementor-element-b2eea58 e-con-full e-flex wpr-particle-no wpr-jarallax-no wpr-parallax-no wpr-sticky-section-no e-con e-child\" data-id=\"b2eea58\" data-element_type=\"container\" data-settings=\"{&quot;background_background&quot;:&quot;classic&quot;}\">\n\t\t<div class=\"elementor-element elementor-element-901efef e-con-full e-flex wpr-particle-no wpr-jarallax-no wpr-parallax-no wpr-sticky-section-no e-con e-child\" data-id=\"901efef\" data-element_type=\"container\" data-settings=\"{&quot;background_background&quot;:&quot;classic&quot;,&quot;position&quot;:&quot;absolute&quot;}\">\n\t\t\t\t<\/div>\n\t\t\t\t<div class=\"elementor-element elementor-element-41f868c elementor-widget elementor-widget-image\" data-id=\"41f868c\" data-element_type=\"widget\" data-widget_type=\"image.default\">\n\t\t\t\t<div class=\"elementor-widget-container\">\n\t\t\t\t\t\t\t\t\t\t\t\t\t\t\t<img decoding=\"async\" width=\"768\" height=\"375\" src=\"https:\/\/novadent.rs\/wp-content\/uploads\/2024\/04\/Pasted-Graphic-1-768x375.png\" class=\"attachment-medium_large size-medium_large wp-image-3145\" alt=\"Pasted Graphic 1\" srcset=\"https:\/\/novadent.rs\/wp-content\/uploads\/2024\/04\/Pasted-Graphic-1-768x375.png 768w, https:\/\/novadent.rs\/wp-content\/uploads\/2024\/04\/Pasted-Graphic-1-300x147.png 300w, https:\/\/novadent.rs\/wp-content\/uploads\/2024\/04\/Pasted-Graphic-1-1024x500.png 1024w, https:\/\/novadent.rs\/wp-content\/uploads\/2024\/04\/Pasted-Graphic-1-18x9.png 18w, https:\/\/novadent.rs\/wp-content\/uploads\/2024\/04\/Pasted-Graphic-1.png 1347w\" sizes=\"(max-width: 768px) 100vw, 768px\" \/>\t\t\t\t\t\t\t\t\t\t\t\t\t\t\t<\/div>\n\t\t\t\t<\/div>\n\t\t\t\t<\/div>\n\t\t\t\t<\/div>\n\t\t<div class=\"elementor-element elementor-element-ed59547 e-con-full e-flex wpr-particle-no wpr-jarallax-no wpr-parallax-no wpr-sticky-section-no e-con e-child\" data-id=\"ed59547\" data-element_type=\"container\">\n\t\t\t\t<div class=\"elementor-element elementor-element-356c7d3 elementor-widget elementor-widget-heading\" data-id=\"356c7d3\" data-element_type=\"widget\" data-widget_type=\"heading.default\">\n\t\t\t\t<div class=\"elementor-widget-container\">\n\t\t\t\t\t<h2 class=\"elementor-heading-title elementor-size-default\">Oral Surgery <\/h2>\t\t\t\t<\/div>\n\t\t\t\t<\/div>\n\t\t\t\t<div class=\"elementor-element elementor-element-a5de20f elementor-widget elementor-widget-text-editor\" data-id=\"a5de20f\" data-element_type=\"widget\" data-widget_type=\"text-editor.default\">\n\t\t\t\t<div class=\"elementor-widget-container\">\n\t\t\t\t\t\t\t\t\t<p>When patients have all their needs met in one office , this allows to better plan and anticipate certain surgical procedures . Planning certain procedures with 3D imaging allows us to print the surgical site and plan every aspect of the procedure .<\/p>\t\t\t\t\t\t\t\t<\/div>\n\t\t\t\t<\/div>\n\t\t\t\t<div class=\"elementor-element elementor-element-bb4b897 elementor-icon-list--layout-traditional elementor-list-item-link-full_width elementor-widget elementor-widget-icon-list\" data-id=\"bb4b897\" data-element_type=\"widget\" data-widget_type=\"icon-list.default\">\n\t\t\t\t<div class=\"elementor-widget-container\">\n\t\t\t\t\t\t\t<ul class=\"elementor-icon-list-items\">\n\t\t\t\t\t\t\t<li class=\"elementor-icon-list-item\">\n\t\t\t\t\t\t\t\t\t\t\t<span class=\"elementor-icon-list-icon\">\n\t\t\t\t\t\t\t<svg aria-hidden=\"true\" class=\"e-font-icon-svg e-fas-check\" viewbox=\"0 0 512 512\" xmlns=\"http:\/\/www.w3.org\/2000\/svg\"><path d=\"M173.898 439.404l-166.4-166.4c-9.997-9.997-9.997-26.206 0-36.204l36.203-36.204c9.997-9.998 26.207-9.998 36.204 0L192 312.69 432.095 72.596c9.997-9.997 26.207-9.997 36.204 0l36.203 36.204c9.997 9.997 9.997 26.206 0 36.204l-294.4 294.401c-9.998 9.997-26.207 9.997-36.204-.001z\"><\/path><\/svg>\t\t\t\t\t\t<\/span>\n\t\t\t\t\t\t\t\t\t\t<span class=\"elementor-icon-list-text\">Teeth Extractions<\/span>\n\t\t\t\t\t\t\t\t\t<\/li>\n\t\t\t\t\t\t\t\t<li class=\"elementor-icon-list-item\">\n\t\t\t\t\t\t\t\t\t\t\t<span class=\"elementor-icon-list-icon\">\n\t\t\t\t\t\t\t<svg aria-hidden=\"true\" class=\"e-font-icon-svg e-fas-check\" viewbox=\"0 0 512 512\" xmlns=\"http:\/\/www.w3.org\/2000\/svg\"><path d=\"M173.898 439.404l-166.4-166.4c-9.997-9.997-9.997-26.206 0-36.204l36.203-36.204c9.997-9.998 26.207-9.998 36.204 0L192 312.69 432.095 72.596c9.997-9.997 26.207-9.997 36.204 0l36.203 36.204c9.997 9.997 9.997 26.206 0 36.204l-294.4 294.401c-9.998 9.997-26.207 9.997-36.204-.001z\"><\/path><\/svg>\t\t\t\t\t\t<\/span>\n\t\t\t\t\t\t\t\t\t\t<span class=\"elementor-icon-list-text\">Wisdom Teeth Extractions<\/span>\n\t\t\t\t\t\t\t\t\t<\/li>\n\t\t\t\t\t\t\t\t<li class=\"elementor-icon-list-item\">\n\t\t\t\t\t\t\t\t\t\t\t<span class=\"elementor-icon-list-icon\">\n\t\t\t\t\t\t\t<svg aria-hidden=\"true\" class=\"e-font-icon-svg e-fas-check\" viewbox=\"0 0 512 512\" xmlns=\"http:\/\/www.w3.org\/2000\/svg\"><path d=\"M173.898 439.404l-166.4-166.4c-9.997-9.997-9.997-26.206 0-36.204l36.203-36.204c9.997-9.998 26.207-9.998 36.204 0L192 312.69 432.095 72.596c9.997-9.997 26.207-9.997 36.204 0l36.203 36.204c9.997 9.997 9.997 26.206 0 36.204l-294.4 294.401c-9.998 9.997-26.207 9.997-36.204-.001z\"><\/path><\/svg>\t\t\t\t\t\t<\/span>\n\t\t\t\t\t\t\t\t\t\t<span class=\"elementor-icon-list-text\">Bone Augmentation<\/span>\n\t\t\t\t\t\t\t\t\t<\/li>\n\t\t\t\t\t\t\t\t<li class=\"elementor-icon-list-item\">\n\t\t\t\t\t\t\t\t\t\t\t<span class=\"elementor-icon-list-icon\">\n\t\t\t\t\t\t\t<svg aria-hidden=\"true\" class=\"e-font-icon-svg e-fas-check\" viewbox=\"0 0 512 512\" xmlns=\"http:\/\/www.w3.org\/2000\/svg\"><path d=\"M173.898 439.404l-166.4-166.4c-9.997-9.997-9.997-26.206 0-36.204l36.203-36.204c9.997-9.998 26.207-9.998 36.204 0L192 312.69 432.095 72.596c9.997-9.997 26.207-9.997 36.204 0l36.203 36.204c9.997 9.997 9.997 26.206 0 36.204l-294.4 294.401c-9.998 9.997-26.207 9.997-36.204-.001z\"><\/path><\/svg>\t\t\t\t\t\t<\/span>\n\t\t\t\t\t\t\t\t\t\t<span class=\"elementor-icon-list-text\">Apicectomy<\/span>\n\t\t\t\t\t\t\t\t\t<\/li>\n\t\t\t\t\t\t<\/ul>\n\t\t\t\t\t\t<\/div>\n\t\t\t\t<\/div>\n\t\t\t\t<div class=\"elementor-element elementor-element-65cf8de elementor-tablet-align-center elementor-align-center elementor-widget elementor-widget-button\" data-id=\"65cf8de\" data-element_type=\"widget\" data-widget_type=\"button.default\">\n\t\t\t\t<div class=\"elementor-widget-container\">\n\t\t\t\t\t\t\t\t\t<div class=\"elementor-button-wrapper\">\n\t\t\t\t\t<a class=\"elementor-button elementor-button-link elementor-size-sm\" href=\"\/en\/contact\/\">\n\t\t\t\t\t\t<span class=\"elementor-button-content-wrapper\">\n\t\t\t\t\t\t<span class=\"elementor-button-icon\">\n\t\t\t\t<svg xmlns=\"http:\/\/www.w3.org\/2000\/svg\" viewbox=\"0 0 24 24\"><path fill-rule=\"evenodd\" d=\"M24 0v22.78h-2.87V4.9L2.03 24 0 21.97l19.1-19.1H1.26V0H24Z\"><\/path><\/svg>\t\t\t<\/span>\n\t\t\t\t\t\t\t\t\t<span class=\"elementor-button-text\">Contact us<\/span>\n\t\t\t\t\t<\/span>\n\t\t\t\t\t<\/a>\n\t\t\t\t<\/div>\n\t\t\t\t\t\t\t\t<\/div>\n\t\t\t\t<\/div>\n\t\t\t\t<\/div>\n\t\t\t\t\t<\/div>\n\t\t\t\t<\/div>\n\t\t\t\t<\/div>","protected":false},"excerpt":{"rendered":"<p>Oralna Hirurgija Stru\u010dnost u oralnoj hirurgiji od 1987. godine, DENTALNI CENTAR NOVADENT je bio na \u010delu oralnog zdravlja, pru\u017eaju\u0107i stru\u010dne stomatolo\u0161ke usluge . Na\u0161a dugogodi\u0161nja tradicija je dokaz na\u0161e posve\u0107enosti i poverenja koje smo izgradili sa na\u0161im pacijentima. U srcu Srbije, spajamo proverenu stru\u010dnost sa najsavremenijim tehnikama kako bismo se suo\u010dili sa \u010dak i najkompleksnijim dentalnim izazovima. Zakazivanje termina Oral Surgery Kada pacijenti zadovolje sve svoje potrebe u jednoj ordinaciji, to omogu\u0107ava bolje planiranje i anticipiranje odre\u0111enih hirur\u0161kih procedura. Planiranje odre\u0111enih procedura uz pomo\u0107 3D slikanja omogu\u0107ava nam da od\u0161tampamo hirur\u0161ko mesto i detaljno planiramo svaki aspekt procedure. Va\u0111enje zuba Va\u0111enje umnjaka Ko\u0161tana augmentacija Apikotomija Po\u0161aljite nam upit<\/p>","protected":false},"author":1,"featured_media":0,"parent":0,"menu_order":0,"comment_status":"closed","ping_status":"closed","template":"","meta":{"_gspb_post_css":"","footnotes":""},"class_list":["post-1764","page","type-page","status-publish","hentry"],"blocksy_meta":{"has_hero_section":"disabled","vertical_spacing_source":"custom","content_area_spacing":"none","styles_descriptor":{"styles":{"desktop":"","tablet":"","mobile":""},"google_fonts":[],"version":6}},"yoast_head":"<!-- This site is optimized with the Yoast SEO plugin v26.8 - https:\/\/yoast.com\/product\/yoast-seo-wordpress\/ -->\n<title>Oral Surgery - NOVADENT Dental Centre<\/title>\n<meta name=\"robots\" content=\"index, follow, max-snippet:-1, max-image-preview:large, max-video-preview:-1\" \/>\n<link rel=\"canonical\" href=\"https:\/\/novadent.rs\/en\/oral-surgery\/\" \/>\n<meta property=\"og:locale\" content=\"en_US\" \/>\n<meta property=\"og:type\" content=\"article\" \/>\n<meta property=\"og:title\" content=\"Oral Surgery - NOVADENT Dental Centre\" \/>\n<meta property=\"og:description\" content=\"Oralna Hirurgija Stru\u010dnost u oralnoj hirurgiji od 1987. godine, DENTALNI CENTAR NOVADENT je bio na \u010delu oralnog zdravlja, pru\u017eaju\u0107i stru\u010dne stomatolo\u0161ke usluge . Na\u0161a dugogodi\u0161nja tradicija je dokaz na\u0161e posve\u0107enosti i poverenja koje smo izgradili sa na\u0161im pacijentima. U srcu Srbije, spajamo proverenu stru\u010dnost sa najsavremenijim tehnikama kako bismo se suo\u010dili sa \u010dak i najkompleksnijim dentalnim izazovima. Zakazivanje termina Oral Surgery Kada pacijenti zadovolje sve svoje potrebe u jednoj ordinaciji, to omogu\u0107ava bolje planiranje i anticipiranje odre\u0111enih hirur\u0161kih procedura. Planiranje odre\u0111enih procedura uz pomo\u0107 3D slikanja omogu\u0107ava nam da od\u0161tampamo hirur\u0161ko mesto i detaljno planiramo svaki aspekt procedure. Va\u0111enje zuba Va\u0111enje umnjaka Ko\u0161tana augmentacija Apikotomija Po\u0161aljite nam upit\" \/>\n<meta property=\"og:url\" content=\"https:\/\/novadent.rs\/en\/oral-surgery\/\" \/>\n<meta property=\"og:site_name\" content=\"NOVADENT Dental Centre\" \/>\n<meta property=\"article:modified_time\" content=\"2024-04-28T21:35:17+00:00\" \/>\n<meta property=\"og:image\" content=\"https:\/\/novadent.rs\/wp-content\/uploads\/2024\/04\/Pasted-Graphic-768x533.png\" \/>\n<meta name=\"twitter:card\" content=\"summary_large_image\" \/>\n<meta name=\"twitter:label1\" content=\"Est. reading time\" \/>\n\t<meta name=\"twitter:data1\" content=\"1 minute\" \/>\n<script type=\"application\/ld+json\" class=\"yoast-schema-graph\">{\"@context\":\"https:\/\/schema.org\",\"@graph\":[{\"@type\":\"WebPage\",\"@id\":\"https:\/\/novadent.rs\/oral-surgery\/\",\"url\":\"https:\/\/novadent.rs\/oral-surgery\/\",\"name\":\"Oral Surgery - NOVADENT Dental Centre\",\"isPartOf\":{\"@id\":\"https:\/\/novadent.rs\/#website\"},\"primaryImageOfPage\":{\"@id\":\"https:\/\/novadent.rs\/oral-surgery\/#primaryimage\"},\"image\":{\"@id\":\"https:\/\/novadent.rs\/oral-surgery\/#primaryimage\"},\"thumbnailUrl\":\"https:\/\/novadent.rs\/wp-content\/uploads\/2024\/04\/Pasted-Graphic-768x533.png\",\"datePublished\":\"2024-03-23T20:00:17+00:00\",\"dateModified\":\"2024-04-28T21:35:17+00:00\",\"breadcrumb\":{\"@id\":\"https:\/\/novadent.rs\/oral-surgery\/#breadcrumb\"},\"inLanguage\":\"en-US\",\"potentialAction\":[{\"@type\":\"ReadAction\",\"target\":[\"https:\/\/novadent.rs\/oral-surgery\/\"]}]},{\"@type\":\"ImageObject\",\"inLanguage\":\"en-US\",\"@id\":\"https:\/\/novadent.rs\/oral-surgery\/#primaryimage\",\"url\":\"https:\/\/novadent.rs\/wp-content\/uploads\/2024\/04\/Pasted-Graphic-768x533.png\",\"contentUrl\":\"https:\/\/novadent.rs\/wp-content\/uploads\/2024\/04\/Pasted-Graphic-768x533.png\"},{\"@type\":\"BreadcrumbList\",\"@id\":\"https:\/\/novadent.rs\/oral-surgery\/#breadcrumb\",\"itemListElement\":[{\"@type\":\"ListItem\",\"position\":1,\"name\":\"Home\",\"item\":\"https:\/\/novadent.rs\/\"},{\"@type\":\"ListItem\",\"position\":2,\"name\":\"Oral Surgery\"}]},{\"@type\":\"WebSite\",\"@id\":\"https:\/\/novadent.rs\/#website\",\"url\":\"https:\/\/novadent.rs\/\",\"name\":\"NOVADENT Dental Centre\",\"description\":\"\",\"publisher\":{\"@id\":\"https:\/\/novadent.rs\/#organization\"},\"potentialAction\":[{\"@type\":\"SearchAction\",\"target\":{\"@type\":\"EntryPoint\",\"urlTemplate\":\"https:\/\/novadent.rs\/?s={search_term_string}\"},\"query-input\":{\"@type\":\"PropertyValueSpecification\",\"valueRequired\":true,\"valueName\":\"search_term_string\"}}],\"inLanguage\":\"en-US\"},{\"@type\":\"Organization\",\"@id\":\"https:\/\/novadent.rs\/#organization\",\"name\":\"NOVADENT Dental Centre\",\"url\":\"https:\/\/novadent.rs\/\",\"logo\":{\"@type\":\"ImageObject\",\"inLanguage\":\"en-US\",\"@id\":\"https:\/\/novadent.rs\/#\/schema\/logo\/image\/\",\"url\":\"https:\/\/novadent.rs\/wp-content\/uploads\/2024\/03\/cropped-novadentLetterNoBack.png\",\"contentUrl\":\"https:\/\/novadent.rs\/wp-content\/uploads\/2024\/03\/cropped-novadentLetterNoBack.png\",\"width\":512,\"height\":512,\"caption\":\"NOVADENT Dental Centre\"},\"image\":{\"@id\":\"https:\/\/novadent.rs\/#\/schema\/logo\/image\/\"}}]}<\/script>\n<!-- \/ Yoast SEO plugin. -->","yoast_head_json":{"title":"Oral Surgery - NOVADENT Dental Centre","robots":{"index":"index","follow":"follow","max-snippet":"max-snippet:-1","max-image-preview":"max-image-preview:large","max-video-preview":"max-video-preview:-1"},"canonical":"https:\/\/novadent.rs\/en\/oral-surgery\/","og_locale":"en_US","og_type":"article","og_title":"Oral Surgery - NOVADENT Dental Centre","og_description":"Oralna Hirurgija Stru\u010dnost u oralnoj hirurgiji od 1987. godine, DENTALNI CENTAR NOVADENT je bio na \u010delu oralnog zdravlja, pru\u017eaju\u0107i stru\u010dne stomatolo\u0161ke usluge . Na\u0161a dugogodi\u0161nja tradicija je dokaz na\u0161e posve\u0107enosti i poverenja koje smo izgradili sa na\u0161im pacijentima. U srcu Srbije, spajamo proverenu stru\u010dnost sa najsavremenijim tehnikama kako bismo se suo\u010dili sa \u010dak i najkompleksnijim dentalnim izazovima. Zakazivanje termina Oral Surgery Kada pacijenti zadovolje sve svoje potrebe u jednoj ordinaciji, to omogu\u0107ava bolje planiranje i anticipiranje odre\u0111enih hirur\u0161kih procedura. Planiranje odre\u0111enih procedura uz pomo\u0107 3D slikanja omogu\u0107ava nam da od\u0161tampamo hirur\u0161ko mesto i detaljno planiramo svaki aspekt procedure. Va\u0111enje zuba Va\u0111enje umnjaka Ko\u0161tana augmentacija Apikotomija Po\u0161aljite nam upit","og_url":"https:\/\/novadent.rs\/en\/oral-surgery\/","og_site_name":"NOVADENT Dental Centre","article_modified_time":"2024-04-28T21:35:17+00:00","og_image":[{"url":"https:\/\/novadent.rs\/wp-content\/uploads\/2024\/04\/Pasted-Graphic-768x533.png","type":"","width":"","height":""}],"twitter_card":"summary_large_image","twitter_misc":{"Est. reading time":"1 minute"},"schema":{"@context":"https:\/\/schema.org","@graph":[{"@type":"WebPage","@id":"https:\/\/novadent.rs\/oral-surgery\/","url":"https:\/\/novadent.rs\/oral-surgery\/","name":"Oral Surgery - NOVADENT Dental Centre","isPartOf":{"@id":"https:\/\/novadent.rs\/#website"},"primaryImageOfPage":{"@id":"https:\/\/novadent.rs\/oral-surgery\/#primaryimage"},"image":{"@id":"https:\/\/novadent.rs\/oral-surgery\/#primaryimage"},"thumbnailUrl":"https:\/\/novadent.rs\/wp-content\/uploads\/2024\/04\/Pasted-Graphic-768x533.png","datePublished":"2024-03-23T20:00:17+00:00","dateModified":"2024-04-28T21:35:17+00:00","breadcrumb":{"@id":"https:\/\/novadent.rs\/oral-surgery\/#breadcrumb"},"inLanguage":"en-US","potentialAction":[{"@type":"ReadAction","target":["https:\/\/novadent.rs\/oral-surgery\/"]}]},{"@type":"ImageObject","inLanguage":"en-US","@id":"https:\/\/novadent.rs\/oral-surgery\/#primaryimage","url":"https:\/\/novadent.rs\/wp-content\/uploads\/2024\/04\/Pasted-Graphic-768x533.png","contentUrl":"https:\/\/novadent.rs\/wp-content\/uploads\/2024\/04\/Pasted-Graphic-768x533.png"},{"@type":"BreadcrumbList","@id":"https:\/\/novadent.rs\/oral-surgery\/#breadcrumb","itemListElement":[{"@type":"ListItem","position":1,"name":"Home","item":"https:\/\/novadent.rs\/"},{"@type":"ListItem","position":2,"name":"Oral Surgery"}]},{"@type":"WebSite","@id":"https:\/\/novadent.rs\/#website","url":"https:\/\/novadent.rs\/","name":"NOVADENT Dental Centre","description":"","publisher":{"@id":"https:\/\/novadent.rs\/#organization"},"potentialAction":[{"@type":"SearchAction","target":{"@type":"EntryPoint","urlTemplate":"https:\/\/novadent.rs\/?s={search_term_string}"},"query-input":{"@type":"PropertyValueSpecification","valueRequired":true,"valueName":"search_term_string"}}],"inLanguage":"en-US"},{"@type":"Organization","@id":"https:\/\/novadent.rs\/#organization","name":"NOVADENT Dental Centre","url":"https:\/\/novadent.rs\/","logo":{"@type":"ImageObject","inLanguage":"en-US","@id":"https:\/\/novadent.rs\/#\/schema\/logo\/image\/","url":"https:\/\/novadent.rs\/wp-content\/uploads\/2024\/03\/cropped-novadentLetterNoBack.png","contentUrl":"https:\/\/novadent.rs\/wp-content\/uploads\/2024\/03\/cropped-novadentLetterNoBack.png","width":512,"height":512,"caption":"NOVADENT Dental Centre"},"image":{"@id":"https:\/\/novadent.rs\/#\/schema\/logo\/image\/"}}]}},"_links":{"self":[{"href":"https:\/\/novadent.rs\/en\/wp-json\/wp\/v2\/pages\/1764","targetHints":{"allow":["GET"]}}],"collection":[{"href":"https:\/\/novadent.rs\/en\/wp-json\/wp\/v2\/pages"}],"about":[{"href":"https:\/\/novadent.rs\/en\/wp-json\/wp\/v2\/types\/page"}],"author":[{"embeddable":true,"href":"https:\/\/novadent.rs\/en\/wp-json\/wp\/v2\/users\/1"}],"replies":[{"embeddable":true,"href":"https:\/\/novadent.rs\/en\/wp-json\/wp\/v2\/comments?post=1764"}],"version-history":[{"count":22,"href":"https:\/\/novadent.rs\/en\/wp-json\/wp\/v2\/pages\/1764\/revisions"}],"predecessor-version":[{"id":3708,"href":"https:\/\/novadent.rs\/en\/wp-json\/wp\/v2\/pages\/1764\/revisions\/3708"}],"wp:attachment":[{"href":"https:\/\/novadent.rs\/en\/wp-json\/wp\/v2\/media?parent=1764"}],"curies":[{"name":"wp","href":"https:\/\/api.w.org\/{rel}","templated":true}]}}